{"id":3884,"date":"2010-11-14T18:28:53","date_gmt":"2010-11-14T17:28:53","guid":{"rendered":"https:\/\/www.cid-umh.es\/2010\/11\/14\/laboratorio-de-analisis-y-optimizacion-del-entrenamiento\/"},"modified":"2023-11-07T13:47:42","modified_gmt":"2023-11-07T13:47:42","slug":"laboratorio-de-analisis-y-optimizacion-del-entrenamiento","status":"publish","type":"page","link":"https:\/\/cid.umh.es\/ca\/laboratorios\/laboratorio-de-analisis-y-optimizacion-del-entrenamiento\/","title":{"rendered":"Laboratorio de An\u00e1lisis y Optimizaci\u00f3n del Entrenamiento"},"content":{"rendered":"<p>[et_pb_section fb_built=&#8221;1&#8243; admin_label=&#8221;banner&#8221; _builder_version=&#8221;4.17.4&#8243; use_background_color_gradient=&#8221;on&#8221; background_image=&#8221;http:\/\/cid.umh.es\/files\/2019\/04\/banner-seccion-giafis.jpg&#8221; custom_padding=&#8221;||1px|||&#8221; custom_css_before=&#8221;content: %22%22;||position: absolute;||display: block;||top: 0;||left: 0;||width: 100%;||height: 100%;||background:#51316270;&#8221; transparent_background=&#8221;off&#8221; padding_mobile=&#8221;off&#8221; make_fullwidth=&#8221;off&#8221; use_custom_width=&#8221;off&#8221; width_unit=&#8221;on&#8221; global_colors_info=&#8221;{}&#8221;][et_pb_row padding_mobile=&#8221;off&#8221; make_equal=&#8221;on&#8221; column_padding_mobile=&#8221;on&#8221; admin_label=&#8221;row&#8221; _builder_version=&#8221;4.16&#8243; custom_margin=&#8221;0px|auto|-55px|auto||&#8221; custom_padding=&#8221;165px||165px|&#8221; make_fullwidth=&#8221;off&#8221; use_custom_width=&#8221;off&#8221; width_unit=&#8221;on&#8221; global_colors_info=&#8221;{}&#8221;][et_pb_column type=&#8221;4_4&#8243; _builder_version=&#8221;4.16&#8243; custom_padding=&#8221;|||&#8221; global_colors_info=&#8221;{}&#8221; custom_padding__hover=&#8221;|||&#8221;][et_pb_text admin_label=&#8221;Texto&#8221; _builder_version=&#8221;4.16&#8243; text_font_size=&#8221;43&#8243; background_size=&#8221;initial&#8221; background_position=&#8221;top_left&#8221; background_repeat=&#8221;repeat&#8221; text_orientation=&#8221;center&#8221; background_layout=&#8221;dark&#8221; module_alignment=&#8221;center&#8221; text_font_size_tablet=&#8221;28&#8243; text_font_size_phone=&#8221;24&#8243; text_font_size_last_edited=&#8221;on|tablet&#8221; use_border_color=&#8221;off&#8221; border_color=&#8221;#ffffff&#8221; border_style=&#8221;solid&#8221; global_colors_info=&#8221;{}&#8221;]<\/p>\n<h1>Laboratorio de An\u00e1lisis y<br \/>\nOptimizaci\u00f3n del Entrenamiento<\/h1>\n<p>[\/et_pb_text][\/et_pb_column][\/et_pb_row][\/et_pb_section][et_pb_section fb_built=&#8221;1&#8243; admin_label=&#8221;section&#8221; _builder_version=&#8221;4.16&#8243; global_colors_info=&#8221;{}&#8221;][et_pb_row padding_mobile=&#8221;off&#8221; column_padding_mobile=&#8221;off&#8221; admin_label=&#8221;row&#8221; _builder_version=&#8221;4.16&#8243; background_size=&#8221;initial&#8221; background_position=&#8221;top_left&#8221; background_repeat=&#8221;repeat&#8221; make_fullwidth=&#8221;off&#8221; use_custom_width=&#8221;off&#8221; width_unit=&#8221;on&#8221; global_colors_info=&#8221;{}&#8221;][et_pb_column type=&#8221;4_4&#8243; _builder_version=&#8221;4.16&#8243; custom_padding=&#8221;|10%||10%&#8221; global_colors_info=&#8221;{}&#8221; custom_padding__hover=&#8221;|||&#8221;][et_pb_text admin_label=&#8221;Texto&#8221; module_class=&#8221;img-hack&#8221; _builder_version=&#8221;4.16&#8243; background_size=&#8221;initial&#8221; background_position=&#8221;top_left&#8221; background_repeat=&#8221;repeat&#8221; use_border_color=&#8221;off&#8221; border_color=&#8221;#ffffff&#8221; border_style=&#8221;solid&#8221; global_colors_info=&#8221;{}&#8221;]<\/p>\n<h3 style=\"text-align: center\">T\u00e9cnicas y equipos utilizados en el Laboratorio de An\u00e1lisis y Optimizaci\u00f3n del Entrenamiento<\/h3>\n<div class=\"clear-space\"><\/div>\n<p><div class='two_third'>\n\t\t\t\t\t1. ECG de reposo y esfuerzo, y pruebas de esfuerzo cardiorrespiratorias:<\/p>\n<ul>\n<li>Tapiz rodante (<em>Technogym Run Med<\/em>).<\/li>\n<li>Cicloerg\u00f3metro (<em>Technogym Bike Med<\/em>).<\/li>\n<li>Cicloerg\u00f3metro (<em>Monark Ergomedic 839 E<\/em>).<\/li>\n<li>Analizador port\u00e1til telem\u00e9trico de gases respiratorios (<em>Cosmed K4b2<\/em>)<sup>1<\/sup>, con m\u00f3dulo complementario de monitorizaci\u00f3n de ECG telem\u00e9trico (<em>Cosmed<\/em> <em>Quark T12x<\/em>)<sup>2<\/sup> y monitorizaci\u00f3n de presi\u00f3n arterial (<em>Suntech Medical Tango+<\/em>)<sup>3<\/sup>.<\/li>\n<li>Analizador de gases respiratorios (<em>MasterScreen CPX<\/em>)<\/li>\n<\/ul>\n\t\t\t\t<\/div><div class='one_third et_column_last'>\n\t\t\t\t\t<img loading=\"lazy\" class=\" size-full wp-image-3870\" src=\"http:\/\/cid.umh.es\/files\/2010\/11\/imagen-1.png\" width=\"478\" height=\"121\" border=\"0\">\n\t\t\t\t<\/div><div class='clear'><\/div><\/p>\n<div class=\"clear-space\"><\/div>\n<p><div class='two_third'>\n\t\t\t\t\t2. An\u00e1lisis de composici\u00f3n corporal:<\/p>\n<ul>\n<li>Analizador por bioimpedancia (<em>Tanita<\/em>)<sup>4<\/sup>.<\/li>\n<li>Antrop\u00f3metro (<em>Harpenden<\/em>)<sup>5<\/sup>.<\/li>\n<li>Plic\u00f3metro (<em>Holtain<\/em>)<sup>6<\/sup>.<\/li>\n<\/ul>\n\t\t\t\t<\/div><div class='one_third et_column_last'>\n\t\t\t\t\t<img loading=\"lazy\" class=\"imagen size-full wp-image-3872\" src=\"http:\/\/cid.umh.es\/files\/2010\/11\/imagen-2.png\" width=\"474\" height=\"117\" border=\"0\">\n\t\t\t\t<\/div><div class='clear'><\/div><\/p>\n<div class=\"clear-space\"><\/div>\n<p><div class='two_third'>\n\t\t\t\t\t3. Monitorizaci\u00f3n y an\u00e1lisis individual y colectivo de frecuencia card\u00edaca y seguimiento GPS:<\/p>\n<ul>\n<li>Puls\u00f3metros (<em>Polar RS200, RS800, V800, S625X<\/em>).<\/li>\n<li>Puls\u00f3metros colectivos (<em>Polar Team<sup>2<\/sup><\/em>)<sup>7<\/sup> con software espec\u00edfico.<\/li>\n<li>GPS deportivo compatible con transmisor de FC (<em>FRWS B600<\/em>)<sup>8<\/sup>.<\/li>\n<li>GPS SP1 \u00e9lite con aceler\u00f3metro triaxial.<\/li>\n<li>Monitor de frecuencia card\u00edaca y GPS (<em>Garmin VIVOactive<\/em>).<\/li>\n<li>Cintas de control de frecuencia cardiaca por bluetooth (<em>Polar H7<\/em>).<\/li>\n<\/ul>\n\t\t\t\t<\/div><div class='one_third et_column_last'>\n\t\t\t\t\t<img loading=\"lazy\" class=\"imagen size-full wp-image-3874\" src=\"http:\/\/cid.umh.es\/files\/2010\/11\/imagen-3.png\" width=\"473\" height=\"98\" border=\"0\">\n\t\t\t\t<\/div><div class='clear'><\/div><\/p>\n<div class=\"clear-space\"><\/div>\n<p><div class='two_third'>\n\t\t\t\t\t4. Cuantificaci\u00f3n de lactato en sangre perif\u00e9rica: 2 lactacid\u00f3metros port\u00e1tiles (<em>Lactate Scout<\/em>).<\/p>\n<ul>\n<li>3 lactacid\u00f3metros port\u00e1tiles (<em>Lactate Scout<\/em>)<\/li>\n<\/ul>\n\t\t\t\t<\/div><div class='one_third et_column_last'>\n\t\t\t\t\t<img loading=\"lazy\" class=\"imagen size-full wp-image-3876\" src=\"http:\/\/cid.umh.es\/files\/2010\/11\/imagen-4.png\" width=\"71\" height=\"86\" border=\"0\">\n\t\t\t\t<\/div><div class='clear'><\/div><\/p>\n<div class=\"clear-space\"><\/div>\n<p><div class='two_third'>\n\t\t\t\t\t5. Cuantificaci\u00f3n de glucosa, triglic\u00e9ridos y colesterol en sangre perif\u00e9rica: Analizador port\u00e1til (A<em>ccutrend GCT<\/em>).\n\t\t\t\t<\/div><div class='one_third et_column_last'>\n\t\t\t\t\t<img loading=\"lazy\" class=\"imagen size-full wp-image-3878\" src=\"http:\/\/cid.umh.es\/files\/2010\/11\/imagen-5.png\" width=\"110\" height=\"110\" border=\"0\">\n\t\t\t\t<\/div><div class='clear'><\/div><\/p>\n<div class=\"clear-space\"><\/div>\n<div class='two_third'>\n\t\t\t\t\t6. Cuantificaci\u00f3n de biomol\u00e9culas por enzimo-inmuno-ensayo (ELISA):<\/p>\n<ul>\n<li>Sistema de lectura de microplacas de 96 pocillos, con monocromador de precisi\u00f3n nanom\u00e9trica, y rango de lectura que incluye luz visible y ultravioleta.<\/li>\n<li>Sistema de lavado semiautom\u00e1tico de microplacas.<\/li>\n<li>Criopreservaci\u00f3n de muestras biol\u00f3gicas humanas.<\/li>\n<\/ul>\n\t\t\t\t<\/div>\n<div class=\"clear-space\"><\/div>\n<p><div class='two_third'>\n\t\t\t\t\t7. Valoraci\u00f3n de la fuerza muscular en varias de sus manifestaciones:<\/p>\n<ul>\n<li>2 Dinam\u00f3metro Isoinercial <em>T-Force<sup>9<\/sup><\/em> con software especifico.<\/li>\n<li>1 Dinam\u00f3metro Isoinercial ChronoJump con software espec\u00edfico.<\/li>\n<li>Dinam\u00f3metro manual (<em>Saehan<\/em>)<sup>10<\/sup>.<\/li>\n<li>Plataforma de salto (<em>Globus<\/em>)<sup>11<\/sup>.<\/li>\n<\/ul>\n\t\t\t\t<\/div><div class='one_third et_column_last'>\n\t\t\t\t\t<img loading=\"lazy\" class=\"imagen size-full wp-image-3880\" src=\"http:\/\/cid.umh.es\/files\/2010\/11\/imagen-6.png\" width=\"469\" height=\"179\" border=\"0\">\n\t\t\t\t<\/div><div class='clear'><\/div><\/p>\n<div class=\"clear-space\"><\/div>\n<p><div class='two_third'>\n\t\t\t\t\t8. Valoraci\u00f3n de la velocidad de desplazamiento:<\/p>\n<ul>\n<li>2 fotoc\u00e9lulas infrarrojas (<em>Fotoc\u00e9lulas Globus<\/em>).<\/li>\n<\/ul>\n\t\t\t\t<\/div><div class='one_third et_column_last'>\n\t\t\t\t\t<img loading=\"lazy\" class=\"imagen size-full wp-image-3882\" src=\"http:\/\/cid.umh.es\/files\/2010\/11\/imagen-7.png\" width=\"154\" height=\"127\" border=\"0\">\n\t\t\t\t<\/div><div class='clear'><\/div><\/p>\n<div class=\"clear-space\"><\/div>\n<p><div class='two_third'>\n\t\t\t\t\t9. Potenciometr\u00eda.<\/p>\n<ul>\n<li>Rodillo <em>Wahoo Kickr<\/em>.<\/li>\n<li>Bandas de pulso con estimador de potencia (<em>Powercal<\/em>).<\/li>\n<li>Potenciometros <em>Powertap<\/em>.<\/li>\n<\/ul>\n\t\t\t\t<\/div>[\/et_pb_text][\/et_pb_column][\/et_pb_row][\/et_pb_section]<\/p>\n","protected":false},"excerpt":{"rendered":"<p>Laboratorio de An\u00e1lisis y Optimizaci\u00f3n del EntrenamientoT\u00e9cnicas y equipos utilizados en el Laboratorio de An\u00e1lisis y Optimizaci\u00f3n del Entrenamiento <div class='two_third'>\n\t\t\t\t\t\n\t\t\t\t<\/div> 1. ECG de reposo y esfuerzo, y pruebas de esfuerzo cardiorrespiratorias: Tapiz rodante (Technogym Run Med). Cicloerg\u00f3metro (Technogym Bike Med). Cicloerg\u00f3metro (Monark Ergomedic 839 E). Analizador port\u00e1til telem\u00e9trico de gases respiratorios (Cosmed K4b2)1, con m\u00f3dulo [&hellip;]<\/p>\n","protected":false},"author":2590,"featured_media":0,"parent":5853,"menu_order":2,"comment_status":"closed","ping_status":"closed","template":"","meta":{"_et_pb_use_builder":"on","_et_pb_old_content":"<h3>T\u00e9cnicas y equipos utilizados en el Laboratorio de An\u00e1lisis y Optimizaci\u00f3n del Entrenamiento<\/h3><p>1. ECG de reposo y esfuerzo, y pruebas de esfuerzo cardiorrespiratorias:<\/p><ul><li>Tapiz rodante (<em style=\"mso-bidi-font-style: normal;\">Technogym Run Med<\/em>).<\/li><li>Cicloerg\u00f3metro (<em style=\"mso-bidi-font-style: normal;\">Technogym Bike Med<\/em>).<\/li><li>Cicloerg\u00f3metro (<em style=\"mso-bidi-font-style: normal;\">Monark Ergomedic 839 E<\/em>).<\/li><li>Analizador port\u00e1til telem\u00e9trico de gases respiratorios (<em style=\"mso-bidi-font-style: normal;\">Cosmed K4b2<\/em>)<sup>1<\/sup>, con m\u00f3dulo complementario de monitorizaci\u00f3n de ECG telem\u00e9trico (<em style=\"mso-bidi-font-style: normal;\">Cosmed<\/em> <em style=\"mso-bidi-font-style: normal;\">Quark T12x<\/em>)<sup>2<\/sup> y monitorizaci\u00f3n de presi\u00f3n arterial (<em style=\"mso-bidi-font-style: normal;\">Suntech Medical Tango+<\/em>)<sup>3<\/sup>.<\/li><\/ul><p class=\"imagen\"><img class=\" size-full wp-image-3870\" src=\"https:\/\/www.cid-umh.es\/wp-content\/uploads\/2010\/11\/imagen-1.png\" width=\"478\" height=\"121\" border=\"0\" \/><\/p><p>2. An\u00e1lisis de composici\u00f3n corporal:<\/p><ul><li>Analizador por bioimpedancia\u00a0(<em>Oregon scientific-b\u00e1scula GR101<\/em>)<sup>4<\/sup>.<\/li><li>Antrop\u00f3metro\u00a0(<em>Harpenden<\/em>)<sup>5<\/sup>.<\/li><li>Plic\u00f3metro\u00a0(<em>Holtain<\/em>)<sup>6<\/sup>.<\/li><\/ul><p><img class=\"imagen size-full wp-image-3872\" src=\"https:\/\/www.cid-umh.es\/wp-content\/uploads\/2010\/11\/imagen-2.png\" width=\"474\" height=\"117\" border=\"0\" \/><\/p><p style=\"margin: 0cm 0cm 0pt;\">3. Monitorizaci\u00f3n y an\u00e1lisis individual y colectivo de frecuencia card\u00edaca y seguimiento GPS:<\/p><ul><li>Puls\u00f3metros (<em style=\"mso-bidi-font-style: normal;\">Polar RS200<\/em>, <em style=\"mso-bidi-font-style: normal;\">RS800 y\u00a0 S625X<\/em>).<\/li><li>Puls\u00f3metros colectivos (<em>Polar Team<sup>2<\/sup><\/em>)<sup>7<\/sup> con software espec\u00edfico.<\/li><li>GPS deportivo compatible con transmisor de FC (<em>FRWS B600<\/em>)<sup>8<\/sup>.<\/li><\/ul><p><img class=\"imagen size-full wp-image-3874\" src=\"https:\/\/www.cid-umh.es\/wp-content\/uploads\/2010\/11\/imagen-3.png\" width=\"473\" height=\"98\" border=\"0\" \/><\/p><p style=\"margin: 0cm 0cm 0pt;\">4. Cuantificaci\u00f3n de lactato en sangre perif\u00e9rica: 2 lactacid\u00f3metros port\u00e1tiles (<em>Lactate Scout<\/em>).<\/p><p style=\"margin: 0cm 0cm 0pt;\"><img class=\"imagen size-full wp-image-3876\" src=\"https:\/\/www.cid-umh.es\/wp-content\/uploads\/2010\/11\/imagen-4.png\" width=\"71\" height=\"86\" border=\"0\" \/><\/p><p style=\"margin: 0cm 0cm 0pt;\">5. Cuantificaci\u00f3n de glucosa, triglic\u00e9ridos y colesterol en sangre perif\u00e9rica: Analizador port\u00e1til (A<em style=\"mso-bidi-font-style: normal;\">ccutrend GCT<\/em>).<\/p><p style=\"margin: 0cm 0cm 0pt;\"><img class=\"imagen size-full wp-image-3878\" src=\"https:\/\/www.cid-umh.es\/wp-content\/uploads\/2010\/11\/imagen-5.png\" width=\"110\" height=\"110\" border=\"0\" \/><\/p><p style=\"margin: 0cm 0cm 0pt;\">6. Cuantificaci\u00f3n de biomol\u00e9culas por enzimo-inmuno-ensayo (ELISA):<\/p><ul><li>Sistema de lectura de microplacas de 96 pocillos, con monocromador de precisi\u00f3n nanom\u00e9trica, y rango de lectura que incluye luz visible y ultravioleta.<\/li><li>Sistema de lavado semiautom\u00e1tico de microplacas.<\/li><li>Criopreservaci\u00f3n de muestras biol\u00f3gicas humanas.<\/li><\/ul><p style=\"margin: 0cm 0cm 0pt;\">7. Valoraci\u00f3n de la fuerza muscular en varias de sus manifestaciones:<\/p><ul><li>Dinam\u00f3metro Isoinercial <em style=\"mso-bidi-font-style: normal;\">T-Force<sup>9<\/sup><\/em> con software especifico.<\/li><li>Dinam\u00f3metro manual (<em>Saehan<\/em>)<sup>10<\/sup>.<\/li><li>Plataforma de salto (<em style=\"mso-bidi-font-style: normal;\">Globus<\/em>)<sup>11<\/sup>.<\/li><\/ul><p><img class=\"imagen size-full wp-image-3880\" src=\"https:\/\/www.cid-umh.es\/wp-content\/uploads\/2010\/11\/imagen-6.png\" width=\"469\" height=\"179\" border=\"0\" \/><\/p><p style=\"margin: 0cm 0cm 0pt;\">8. Valoraci\u00f3n de la velocidad de desplazamiento: 2 fotoc\u00e9lulas infrarrojas (<em>Fotoc\u00e9lulas Globus<\/em>).<\/p><p style=\"margin: 0cm 0cm 0pt;\"><img class=\"imagen size-full wp-image-3882\" src=\"https:\/\/www.cid-umh.es\/wp-content\/uploads\/2010\/11\/imagen-7.png\" width=\"154\" height=\"127\" border=\"0\" \/><\/p>","_et_gb_content_width":"","_links_to":"","_links_to_target":""},"_links":{"self":[{"href":"https:\/\/cid.umh.es\/ca\/wp-json\/wp\/v2\/pages\/3884"}],"collection":[{"href":"https:\/\/cid.umh.es\/ca\/wp-json\/wp\/v2\/pages"}],"about":[{"href":"https:\/\/cid.umh.es\/ca\/wp-json\/wp\/v2\/types\/page"}],"author":[{"embeddable":true,"href":"https:\/\/cid.umh.es\/ca\/wp-json\/wp\/v2\/users\/2590"}],"replies":[{"embeddable":true,"href":"https:\/\/cid.umh.es\/ca\/wp-json\/wp\/v2\/comments?post=3884"}],"version-history":[{"count":0,"href":"https:\/\/cid.umh.es\/ca\/wp-json\/wp\/v2\/pages\/3884\/revisions"}],"up":[{"embeddable":true,"href":"https:\/\/cid.umh.es\/ca\/wp-json\/wp\/v2\/pages\/5853"}],"wp:attachment":[{"href":"https:\/\/cid.umh.es\/ca\/wp-json\/wp\/v2\/media?parent=3884"}],"curies":[{"name":"wp","href":"https:\/\/api.w.org\/{rel}","templated":true}]}}