{"id":6037,"date":"2019-03-13T23:29:21","date_gmt":"2019-03-13T22:29:21","guid":{"rendered":"https:\/\/www.cid-umh.es\/?page_id=6037"},"modified":"2020-11-17T09:02:43","modified_gmt":"2020-11-17T09:02:43","slug":"analisis-de-la-ensenanza-de-la-educacion-fisica-y-el-deporte-2","status":"publish","type":"page","link":"https:\/\/cid.umh.es\/ca\/cuestionarios\/analisis-de-la-ensenanza-de-la-educacion-fisica-y-el-deporte-2\/","title":{"rendered":"An\u00e1lisis de la ense\u00f1anza de la educaci\u00f3n f\u00edsica y el deporte"},"content":{"rendered":"<p class=\"qtranxs-available-languages-message qtranxs-available-languages-message-ca\">Ho sentim, aquesta entrada es troba disponible \u00fanicament en <a href=\"https:\/\/cid.umh.es\/es\/wp-json\/wp\/v2\/pages\/6037\" class=\"qtranxs-available-language-link qtranxs-available-language-link-es\" title=\"Espa\u00f1ol\">Espanyol Europeu<\/a> i <a href=\"https:\/\/cid.umh.es\/en\/wp-json\/wp\/v2\/pages\/6037\" class=\"qtranxs-available-language-link qtranxs-available-language-link-en\" title=\"English\">Angl\u00e8s Americ\u00e0<\/a>.<\/p>","protected":false},"excerpt":{"rendered":"<p>Ho sentim, aquesta entrada es troba disponible \u00fanicament en Espanyol Europeu i Angl\u00e8s Americ\u00e0.<\/p>\n","protected":false},"author":2590,"featured_media":0,"parent":6052,"menu_order":0,"comment_status":"closed","ping_status":"closed","template":"","meta":{"_et_pb_use_builder":"on","_et_pb_old_content":"","_et_gb_content_width":"","_links_to":"","_links_to_target":""},"_links":{"self":[{"href":"https:\/\/cid.umh.es\/ca\/wp-json\/wp\/v2\/pages\/6037"}],"collection":[{"href":"https:\/\/cid.umh.es\/ca\/wp-json\/wp\/v2\/pages"}],"about":[{"href":"https:\/\/cid.umh.es\/ca\/wp-json\/wp\/v2\/types\/page"}],"author":[{"embeddable":true,"href":"https:\/\/cid.umh.es\/ca\/wp-json\/wp\/v2\/users\/2590"}],"replies":[{"embeddable":true,"href":"https:\/\/cid.umh.es\/ca\/wp-json\/wp\/v2\/comments?post=6037"}],"version-history":[{"count":0,"href":"https:\/\/cid.umh.es\/ca\/wp-json\/wp\/v2\/pages\/6037\/revisions"}],"up":[{"embeddable":true,"href":"https:\/\/cid.umh.es\/ca\/wp-json\/wp\/v2\/pages\/6052"}],"wp:attachment":[{"href":"https:\/\/cid.umh.es\/ca\/wp-json\/wp\/v2\/media?parent=6037"}],"curies":[{"name":"wp","href":"https:\/\/api.w.org\/{rel}","templated":true}]}}