{"id":2936,"date":"2010-09-26T17:55:42","date_gmt":"2010-09-26T15:55:42","guid":{"rendered":"https:\/\/www.cid-umh.es\/2010\/09\/26\/cid\/"},"modified":"2023-11-03T13:01:23","modified_gmt":"2023-11-03T13:01:23","slug":"cid","status":"publish","type":"page","link":"https:\/\/cid.umh.es\/en\/","title":{"rendered":"CID"},"content":{"rendered":"<p>[et_pb_section fb_built=&#8221;1&#8243; admin_label=&#8221;banner&#8221; _builder_version=&#8221;4.17.4&#8243; background_color=&#8221;#434343&#8243; background_image=&#8221;http:\/\/cid.umh.es\/files\/2019\/06\/banner-seccion-cid.jpg&#8221; background_position=&#8221;top_center&#8221; background_vertical_offset=&#8221;19%&#8221; module_alignment=&#8221;center&#8221; max_height_tablet=&#8221;&#8221; max_height_phone=&#8221;&#8221; max_height_last_edited=&#8221;on|phone&#8221; custom_css_before=&#8221;content: %22%22;||position: absolute;||display: block;||top: 0;||left: 0;||width: 100%;||height: 100%;||background:#51316270;&#8221; transparent_background=&#8221;on&#8221; padding_mobile=&#8221;off&#8221; make_fullwidth=&#8221;off&#8221; use_custom_width=&#8221;off&#8221; width_unit=&#8221;on&#8221; global_colors_info=&#8221;{}&#8221;][et_pb_row _builder_version=&#8221;4.17.4&#8243; _module_preset=&#8221;default&#8221; global_colors_info=&#8221;{}&#8221;][et_pb_column type=&#8221;4_4&#8243; _builder_version=&#8221;4.17.4&#8243; _module_preset=&#8221;default&#8221; global_colors_info=&#8221;{}&#8221;][et_pb_text _builder_version=&#8221;4.17.4&#8243; _module_preset=&#8221;default&#8221; text_font=&#8221;|300|||||||&#8221; text_text_color=&#8221;#FFFFFF&#8221; text_font_size=&#8221;28px&#8221; global_colors_info=&#8221;{}&#8221;]<\/p>\n<p style=\"text-align: center\">Sobre Nosotros<\/p>\n<p>[\/et_pb_text][\/et_pb_column][\/et_pb_row][\/et_pb_section][et_pb_section fb_built=&#8221;1&#8243; custom_padding_last_edited=&#8221;on|desktop&#8221; admin_label=&#8221;section&#8221; _builder_version=&#8221;4.16&#8243; background_color=&#8221;#f6f5f3&#8243; custom_padding_tablet=&#8221;50px|0|50px|0&#8243; custom_padding_phone=&#8221;50px|0|50px|0&#8243; transparent_background=&#8221;off&#8221; padding_mobile=&#8221;off&#8221; make_fullwidth=&#8221;off&#8221; use_custom_width=&#8221;off&#8221; width_unit=&#8221;on&#8221; collapsed=&#8221;off&#8221; global_colors_info=&#8221;{}&#8221;][et_pb_row column_structure=&#8221;1_2,1_2&#8243; admin_label=&#8221;row&#8221; _builder_version=&#8221;4.17.4&#8243; background_size=&#8221;initial&#8221; background_position=&#8221;top_left&#8221; background_repeat=&#8221;repeat&#8221; width=&#8221;100%&#8221; min_height=&#8221;525.1px&#8221; custom_margin=&#8221;-14px|auto||auto||&#8221; custom_padding=&#8221;|||0px||&#8221; global_colors_info=&#8221;{}&#8221;][et_pb_column type=&#8221;1_2&#8243; _builder_version=&#8221;4.16&#8243; custom_padding=&#8221;|||&#8221; global_colors_info=&#8221;{}&#8221; custom_padding__hover=&#8221;|||&#8221;][et_pb_text admin_label=&#8221;Texto&#8221; _builder_version=&#8221;4.17.4&#8243; background_size=&#8221;initial&#8221; background_position=&#8221;top_left&#8221; background_repeat=&#8221;repeat&#8221; custom_padding=&#8221;0px|3%|||false|false&#8221; use_border_color=&#8221;off&#8221; border_color=&#8221;#ffffff&#8221; border_style=&#8221;solid&#8221; global_colors_info=&#8221;{}&#8221;]<\/p>\n<p style=\"text-align: justify\">El Centro de Investigaci\u00f3n del Deporte (<strong>CID<\/strong>) est\u00e1 compuesto por investigadores que abordan el estudio del movimiento humano desde diferentes perspectivas, tanto biol\u00f3gicas como comportamentales y sociales.<\/p>\n<p style=\"text-align: justify\">El objetivo general del centro es el an\u00e1lisis multidimensional de las variables determinantes de la pr\u00e1ctica de actividad f\u00edsica y deportiva, as\u00ed como del rendimiento deportivo.<\/p>\n<p style=\"text-align: justify\">La misi\u00f3n del CID es impulsar y desarrollar investigaci\u00f3n innovadora y de calidad en el \u00e1mbito de la actividad f\u00edsica y el deporte. Se trata de contribuir con ello al desarrollo cient\u00edfico de dicha \u00e1rea de estudio, para lo que el CID promover\u00e1 la comunicaci\u00f3n cient\u00edfica de los resultados de sus investigaciones en medios de comunicaci\u00f3n cient\u00edfica, estimular\u00e1 la cooperaci\u00f3n interdisciplinar, impulsar\u00e1 la I+D y promover\u00e1 la transferencia de los resultados de investigaci\u00f3n de forma que logren un impacto eficaz sobre la actividad profesional en los \u00e1mbitos relacionados con las tem\u00e1ticas de investigaci\u00f3n.<\/p>\n<p style=\"text-align: justify\">Tambi\u00e9n crear\u00e1 un \u00e1mbito apropiado para la formaci\u00f3n de investigadores, en cooperaci\u00f3n con otros centros de investigaci\u00f3n nacionales e internacionales.<\/p>\n<p>[\/et_pb_text][\/et_pb_column][et_pb_column type=&#8221;1_2&#8243; _builder_version=&#8221;4.17.4&#8243; _module_preset=&#8221;default&#8221; global_colors_info=&#8221;{}&#8221;][et_pb_text ul_type=&#8221;circle&#8221; admin_label=&#8221;Texto&#8221; _builder_version=&#8221;4.17.4&#8243; ul_font=&#8221;||||||||&#8221; ul_line_height=&#8221;2.5em&#8221; background_size=&#8221;initial&#8221; background_position=&#8221;top_left&#8221; background_repeat=&#8221;repeat&#8221; module_alignment=&#8221;center&#8221; custom_margin=&#8221;||-39px||false|false&#8221; custom_padding=&#8221;0px||0px|0px|false|false&#8221; use_border_color=&#8221;off&#8221; border_color=&#8221;#ffffff&#8221; border_style=&#8221;solid&#8221; global_colors_info=&#8221;{}&#8221;]<\/p>\n<h2 class=\"section-title-color\">Como objetivos espec\u00edficos:<\/h2>\n<ul class=\"custom-list-plus\">\n<li class=\"item-list-plus\" style=\"text-align: justify\">Investigaci\u00f3n traslacional en el \u00e1mbito de la actividad f\u00edsica y deportiva.<\/li>\n<li class=\"item-list-plus\" style=\"text-align: justify\">An\u00e1lisis de los procesos de control del movimiento humano y su variaci\u00f3n por efecto del entrenamiento.<\/li>\n<li class=\"item-list-plus\" style=\"text-align: justify\">Analizar la eficacia y seguridad de diferentes ejercicios de acondicionamiento f\u00edsico mediante t\u00e9cnicas electromiogr\u00e1ficas, cinem\u00e1ticas y dinamom\u00e9tricas.<\/li>\n<li class=\"item-list-plus\" style=\"text-align: justify\">Analizar la t\u00e9cnica deportiva desde el punto de vista mec\u00e1nico y sus repercusiones sobre el rendimiento.<\/li>\n<li class=\"item-list-plus\" style=\"text-align: justify\">Estudio del efecto biol\u00f3gico y comportamental de las cargas de entrenamiento.<\/li>\n<li class=\"item-list-plus\" style=\"text-align: justify\">An\u00e1lisis de los procesos de ense\u00f1anza-aprendizaje en la actividad f\u00edsica y el deporte.<\/li>\n<li class=\"item-list-plus\" style=\"text-align: justify\">Estudio de los factores motivaciones contextuales y situacionales en la actividad f\u00edsico-deportiva.<\/li>\n<\/ul>\n<p>[\/et_pb_text][\/et_pb_column][\/et_pb_row][et_pb_row _builder_version=&#8221;4.17.4&#8243; _module_preset=&#8221;default&#8221; global_colors_info=&#8221;{}&#8221;][et_pb_column type=&#8221;4_4&#8243; _builder_version=&#8221;4.17.4&#8243; _module_preset=&#8221;default&#8221; global_colors_info=&#8221;{}&#8221;][et_pb_gallery gallery_ids=&#8221;8658,8649,8651,8653&#8243; gallery_orderby=&#8221;rand&#8221; fullwidth=&#8221;on&#8221; admin_label=&#8221;Galer\u00eda&#8221; _builder_version=&#8221;4.16&#8243; caption_all_caps=&#8221;off&#8221; auto=&#8221;on&#8221; auto_speed=&#8221;3000&#8243; custom_css_gallery_item_title=&#8221;Grupos de investigaci\u00f3n&#8221; use_border_color=&#8221;off&#8221; border_color=&#8221;#ffffff&#8221; border_style=&#8221;solid&#8221; global_colors_info=&#8221;{}&#8221;][\/et_pb_gallery][\/et_pb_column][\/et_pb_row][\/et_pb_section][et_pb_section fb_built=&#8221;1&#8243; custom_padding_last_edited=&#8221;on|desktop&#8221; admin_label=&#8221;Secci\u00f3n&#8221; module_class=&#8221;img-banner-bottom&#8221; _builder_version=&#8221;4.16&#8243; background_image=&#8221;http:\/\/cid.umh.es\/files\/2019\/02\/banner-pie-seccion-cid.jpg&#8221; custom_padding=&#8221;150px||293px|||&#8221; custom_padding_tablet=&#8221;50px|0|50px|0&#8243; custom_padding_phone=&#8221;50px|0|50px|0&#8243; transparent_background=&#8221;off&#8221; padding_mobile=&#8221;off&#8221; make_fullwidth=&#8221;off&#8221; use_custom_width=&#8221;off&#8221; width_unit=&#8221;on&#8221; collapsed=&#8221;off&#8221; global_colors_info=&#8221;{}&#8221;][\/et_pb_section]<\/p>\n","protected":false},"excerpt":{"rendered":"<p>Sobre NosotrosEl Centro de Investigaci\u00f3n del Deporte (CID) est\u00e1 compuesto por investigadores que abordan el estudio del movimiento humano desde diferentes perspectivas, tanto biol\u00f3gicas como comportamentales y sociales. El objetivo general del centro es el an\u00e1lisis multidimensional de las variables determinantes de la pr\u00e1ctica de actividad f\u00edsica y deportiva, as\u00ed como del rendimiento deportivo. La [&hellip;]<\/p>\n","protected":false},"author":2590,"featured_media":0,"parent":0,"menu_order":11,"comment_status":"closed","ping_status":"closed","template":"","meta":{"_et_pb_use_builder":"on","_et_pb_old_content":"<h1 class=\"componentheading2\">CID<\/h1><div id=\"pg_cid\" class=\"important\"><p><strong>CID<\/strong> consta de diferentes investigadores que han abordado el estudio del movimiento humano desde diferentes perspectivas, tanto biol\u00f3gicas como comportamentales y sociales. Los objetivos generales del grupo son: An\u00e1lisis multidimensional de las variables determinantes de la pr\u00e1ctica de actividad f\u00edsica y deportiva, as\u00ed como del rendimiento deportivo.<\/p><\/div><p>Como objetivos espec\u00edficos:<\/p><ul><li>Investigaci\u00f3n traslacional en el \u00e1mbito de la actividad f\u00edsica y deportiva.<\/li><li>An\u00e1lisis de los procesos de control del movimiento humano y su variaci\u00f3n por efecto del entrenamiento.<\/li><li>Analizar la eficacia y seguridad de diferentes ejercicios de acondicionamiento f\u00edsico mediante t\u00e9cnicas electromiogr\u00e1ficas, cinem\u00e1ticas y dinamom\u00e9tricas.<\/li><li>Analizar la t\u00e9cnica deportiva desde el punto de vista mec\u00e1nico y sus repercusiones sobre el rendimiento.<\/li><li>Estudio del efecto biol\u00f3gico y comportamental de las cargas de entrenamiento.<\/li><li>An\u00e1lisis de los procesos de ense\u00f1anza-aprendizaje en la actividad f\u00edsica y el deporte.<\/li><li>Estudio de los factores motivaciones contextuales y situacionales en la actividad f\u00edsico-deportiva.<\/li><\/ul><p>La misi\u00f3n del CID es impulsar y desarrollar investigaci\u00f3n innovadora y de calidad en el \u00e1mbito de la actividad f\u00edsica y el deporte. Se trata de contribuir con ello al desarrollo cient\u00edfico de dicha \u00e1rea de estudio, para lo que el CID promover\u00e1 la comunicaci\u00f3n cient\u00edfica de los resultados de sus investigaciones en medios de comunicaci\u00f3n cient\u00edfica, estimular\u00e1 la cooperaci\u00f3n interdisciplinar, impulsar\u00e1 la I+D y promover\u00e1 la transferencia de los resultados de investigaci\u00f3n de forma que logren un impacto eficaz sobre la actividad profesional en los \u00e1mbitos relacionados con las tem\u00e1ticas de investigaci\u00f3n. Tambi\u00e9n crear\u00e1 un \u00e1mbito apropiado para la formaci\u00f3n de investigadores, en cooperaci\u00f3n con otros centros de investigaci\u00f3n nacionales e internacionales.<\/p><p style=\"text-align: center;\"><a class=\"pdf\" href=\"https:\/\/www.cid-umh.es\/wp-content\/uploads\/2010\/09\/transferencia-tecnologica3.pdf\">Descargar documento de transferencia tecnol\u00f3gica del CID<\/a><\/p>","_et_gb_content_width":"","_links_to":"","_links_to_target":""},"_links":{"self":[{"href":"https:\/\/cid.umh.es\/en\/wp-json\/wp\/v2\/pages\/2936"}],"collection":[{"href":"https:\/\/cid.umh.es\/en\/wp-json\/wp\/v2\/pages"}],"about":[{"href":"https:\/\/cid.umh.es\/en\/wp-json\/wp\/v2\/types\/page"}],"author":[{"embeddable":true,"href":"https:\/\/cid.umh.es\/en\/wp-json\/wp\/v2\/users\/2590"}],"replies":[{"embeddable":true,"href":"https:\/\/cid.umh.es\/en\/wp-json\/wp\/v2\/comments?post=2936"}],"version-history":[{"count":0,"href":"https:\/\/cid.umh.es\/en\/wp-json\/wp\/v2\/pages\/2936\/revisions"}],"wp:attachment":[{"href":"https:\/\/cid.umh.es\/en\/wp-json\/wp\/v2\/media?parent=2936"}],"curies":[{"name":"wp","href":"https:\/\/api.w.org\/{rel}","templated":true}]}}