{"id":3817,"date":"2010-11-14T18:27:38","date_gmt":"2010-11-14T17:27:38","guid":{"rendered":"https:\/\/www.cid-umh.es\/2010\/11\/14\/laboratorio-de-analisis-del-comportamiento-en-el-deporte\/"},"modified":"2010-11-14T18:27:38","modified_gmt":"2010-11-14T17:27:38","slug":"laboratorio-de-analisis-del-comportamiento-en-el-deporte","status":"publish","type":"page","link":"https:\/\/cid.umh.es\/en\/laboratorios\/laboratorio-de-analisis-del-comportamiento-en-el-deporte\/","title":{"rendered":"Laboratorio de An\u00e1lisis del Comportamiento en el Deporte"},"content":{"rendered":"<p>[et_pb_section admin_label=&#8221;banner&#8221; bb_built=&#8221;1&#8243; _builder_version=&#8221;3.10.1&#8243; use_background_color_gradient=&#8221;on&#8221; background_image=&#8221;http:\/\/cid.umh.es\/files\/2019\/04\/banner-seccion-gicom.jpg&#8221; next_background_color=&#8221;#ffffff&#8221; transparent_background=&#8221;off&#8221; allow_player_pause=&#8221;off&#8221; inner_shadow=&#8221;off&#8221; parallax=&#8221;off&#8221; parallax_method=&#8221;off&#8221; padding_mobile=&#8221;off&#8221; make_fullwidth=&#8221;off&#8221; use_custom_width=&#8221;off&#8221; width_unit=&#8221;on&#8221; make_equal=&#8221;off&#8221; use_custom_gutter=&#8221;off&#8221; custom_css_before=&#8221;content: %22%22;||position: absolute;||display: block;||top: 0;||left: 0;||width: 100%;||height: 100%;||background:#51316270;&#8221;][et_pb_row admin_label=&#8221;row&#8221; _builder_version=&#8221;3.10.1&#8243; custom_margin=&#8221;0px||0px|&#8221; make_fullwidth=&#8221;off&#8221; use_custom_width=&#8221;off&#8221; width_unit=&#8221;on&#8221; use_custom_gutter=&#8221;off&#8221; padding_mobile=&#8221;off&#8221; allow_player_pause=&#8221;off&#8221; parallax=&#8221;off&#8221; parallax_method=&#8221;off&#8221; make_equal=&#8221;on&#8221; parallax_1=&#8221;off&#8221; parallax_method_1=&#8221;off&#8221; column_padding_mobile=&#8221;on&#8221; custom_padding=&#8221;165px||165px|&#8221;][et_pb_column type=&#8221;4_4&#8243;][et_pb_text admin_label=&#8221;Texto&#8221; background_layout=&#8221;dark&#8221; text_orientation=&#8221;center&#8221; use_border_color=&#8221;off&#8221; border_color=&#8221;#ffffff&#8221; border_style=&#8221;solid&#8221; text_font_size=&#8221;43&#8243; text_font_size_last_edited=&#8221;on|tablet&#8221; text_font_size_tablet=&#8221;28&#8243; text_font_size_phone=&#8221;24&#8243;]<\/p>\n<h1>Laboratorio de An\u00e1lisis<br \/>\ndel Comportamiento en el Deporte<\/h1>\n<p>[\/et_pb_text][\/et_pb_column][\/et_pb_row][\/et_pb_section][et_pb_section admin_label=&#8221;section&#8221; transparent_background=&#8221;off&#8221; allow_player_pause=&#8221;off&#8221; inner_shadow=&#8221;off&#8221; parallax=&#8221;off&#8221; parallax_method=&#8221;off&#8221; padding_mobile=&#8221;off&#8221; make_fullwidth=&#8221;off&#8221; use_custom_width=&#8221;off&#8221; width_unit=&#8221;on&#8221; make_equal=&#8221;off&#8221; use_custom_gutter=&#8221;off&#8221;][et_pb_row admin_label=&#8221;row&#8221; make_fullwidth=&#8221;off&#8221; use_custom_width=&#8221;off&#8221; width_unit=&#8221;on&#8221; use_custom_gutter=&#8221;off&#8221; padding_mobile=&#8221;off&#8221; allow_player_pause=&#8221;off&#8221; parallax=&#8221;off&#8221; parallax_method=&#8221;off&#8221; make_equal=&#8221;off&#8221; parallax_1=&#8221;off&#8221; parallax_method_1=&#8221;off&#8221; padding_right_1=&#8221;10%&#8221; padding_left_1=&#8221;10%&#8221; column_padding_mobile=&#8221;off&#8221; padding_1_last_edited=&#8221;on|desktop&#8221;][et_pb_column type=&#8221;4_4&#8243;][et_pb_text admin_label=&#8221;Texto&#8221; background_layout=&#8221;light&#8221; text_orientation=&#8221;left&#8221; use_border_color=&#8221;off&#8221; border_color=&#8221;#ffffff&#8221; border_style=&#8221;solid&#8221;]<\/p>\n<h3 style=\"text-align: center\">T\u00e9cnicas y equipos utilizados en el Laboratorio de An\u00e1lisis del Comportamiento en el Deporte<\/h3>\n<p>1. \u00c1rea audiovisual dotada de 6 puestos:<br \/>\nCada uno de \u00e9stos cuenta con televisiones de pantalla plana de 32\u201d conectadas a un PC, m\u00e1s un PC central con sistema de sonido est\u00e9reo y proyector. Adem\u00e1s, posee un instrumental tecnol\u00f3gico formado por ordenadores port\u00e1tiles, reproductor DVD, sistema de sonido port\u00e1til, micr\u00f3fonos, c\u00e1mara fotogr\u00e1fica de precisi\u00f3n, c\u00e1mara acu\u00e1tica y sistemas de comunicaci\u00f3n a distancia.<br \/>\n&nbsp;<br \/>\n<img loading=\"lazy\" class=\"imagen aligncenter wp-image-3797 size-full\" src=\"http:\/\/cid.umh.es\/files\/2010\/11\/foto-1.jpg\" alt=\"\" width=\"1092\" height=\"239\" border=\"0\" srcset=\"https:\/\/cid.umh.es\/files\/2010\/11\/foto-1.jpg 1092w, https:\/\/cid.umh.es\/files\/2010\/11\/foto-1-300x66.jpg 300w, https:\/\/cid.umh.es\/files\/2010\/11\/foto-1-1024x224.jpg 1024w\" sizes=\"(max-width: 1092px) 100vw, 1092px\" \/><br \/>\n&nbsp;<br \/>\n2. C\u00e1mara PTZ 10X Zoom \u00f3ptico, WiFi, Stream dual, Visualizaci\u00f3n en 3G:<br \/>\nLas C\u00e1maras IP de VIVOTEK PZ7122 se caracterizan por un zoom \u00f3ptico 10x y la funci\u00f3n de movimiento horizontal\/vertical. El m\u00f3dulo integrado de zoom \u00f3ptico 10x motorizado proporciona gran alcance y muy buena profundidad de campo, pudiendo por tanto, visualizar im\u00e1genes n\u00edtidas de objetos tanto cercanos como lejanos.<br \/>\nCon 300 grados de movimiento horizontal y 135 de movimiento vertical, la PZ7121 ofrece doble codec (MPEG-4 y MJPEG), doble streams de video y audio bidireccional mediante protocolo SIP. Mediante el doble streams, es posible transmitir dos streams de video simult\u00e1neamente con resoluciones, velocidades y calidad de imagen diferentes, a diferentes plataformas como navegadores web o m\u00f3viles 3G. Adem\u00e1s, PZ7122 integra WLAN 802.11 b\/g.<br \/>\n&nbsp;<br \/>\n<img loading=\"lazy\" class=\"imagen wp-image-3803 size-full aligncenter\" src=\"http:\/\/cid.umh.es\/files\/2010\/11\/foto-4.jpg\" alt=\"\" width=\"1094\" height=\"300\" border=\"0\" srcset=\"https:\/\/cid.umh.es\/files\/2010\/11\/foto-4.jpg 1094w, https:\/\/cid.umh.es\/files\/2010\/11\/foto-4-300x82.jpg 300w, https:\/\/cid.umh.es\/files\/2010\/11\/foto-4-1024x281.jpg 1024w\" sizes=\"(max-width: 1094px) 100vw, 1094px\" \/><br \/>\n&nbsp;<br \/>\n3. Software NVR (IP+):<br \/>\nEn NVR de NUUO trae una gran cantidad de funciones \u00fanicas, que incluyen soluciones de video inteligente (IVS), detecci\u00f3n de situaciones deportivas y b\u00fasqueda de grabaciones inteligentes. Otras herramientas pr\u00e1cticas incluyen una programaci\u00f3n de grabaciones con interfaz gr\u00e1fica, E-map, herramientas de mejoramiento de videos, y soporte para m\u00f3viles. El sistema de respaldo de NUUO puede tomar im\u00e1genes instant\u00e1neas de las grabaciones y almacenar \u00e9stas en diferentes ubicaciones. Integraci\u00f3n con POS y I\/O est\u00e1n incluidos tambi\u00e9n.<br \/>\n&nbsp;<br \/>\n<img loading=\"lazy\" class=\"imagen wp-image-3805 size-full aligncenter\" src=\"http:\/\/cid.umh.es\/files\/2010\/11\/foto-5.jpg\" alt=\"\" width=\"692\" height=\"522\" border=\"0\" srcset=\"https:\/\/cid.umh.es\/files\/2010\/11\/foto-5.jpg 692w, https:\/\/cid.umh.es\/files\/2010\/11\/foto-5-300x226.jpg 300w\" sizes=\"(max-width: 692px) 100vw, 692px\" \/><br \/>\n&nbsp;<br \/>\n4. Aceler\u00f3metros GT3X Actigraph:<br \/>\nDispositivo electr\u00f3nico que permite cuantificar de forma objetiva la actividad f\u00edsica realizada por la persona que lo porta durante largos per\u00edodos de tiempo, habitualmente una semana. No s\u00f3lo nos aporta informaci\u00f3n de la cantidad de actividad f\u00edsica realizada, sino tambi\u00e9n la intensidad a la que se ha desarrollado. Es una herramienta validada y ampliamente empleada en investigaci\u00f3n para analizar la actividad f\u00edsica en diferentes colectivos, como ni\u00f1os, adultos, ancianos, personas con discapacidad, etc. En el Centro de Investigaci\u00f3n del Deporte contamos con 63 unidades de este dispositivo, que nos permiten abordar grandes muestras en un corto periodo de tiempo.<br \/>\n&nbsp;<br \/>\n<img loading=\"lazy\" class=\"imagen wp-image-3807 size-full aligncenter\" src=\"http:\/\/cid.umh.es\/files\/2010\/11\/acelerometros.jpg\" alt=\"\" width=\"640\" height=\"480\" border=\"0\" srcset=\"https:\/\/cid.umh.es\/files\/2010\/11\/acelerometros.jpg 640w, https:\/\/cid.umh.es\/files\/2010\/11\/acelerometros-300x225.jpg 300w\" sizes=\"(max-width: 640px) 100vw, 640px\" \/><br \/>\n&nbsp;<br \/>\n5. Modelos de Ecuaciones Estructurales:<br \/>\nLos modelos de ecuaciones estructurales son una familia de modelos estad\u00edsticos que permiten estimar el efecto y las relaciones entre m\u00faltiples variables. La gran ventaja de este tipo de modelos, frente a los modelos de regresi\u00f3n, es que diferentes variables pueden ser al mismo tiempo dependientes e independientes. De esta manera podemos conocer el efecto que unas variables causan sobre otras que, a su vez, pueden trasladar estos efectos a otras variables diferentes, creando concatenaciones de variables. Este tipo de modelos permite proponer el tipo y direcci\u00f3n de las relaciones que se espera encontrar entre las diversas variables. Se denominan tambi\u00e9n modelos confirmatorios, ya que el inter\u00e9s fundamental es confirmar mediante el an\u00e1lisis de la muestra las relaciones propuestas a partir de la teor\u00eda explicativa que se haya decidido utilizar como referencia. Aunque existen diferentes programas estad\u00edsticos para el an\u00e1lisis de modelos de ecuaciones estructurales, en nuestro laboratorio trabajamos fundamentalmente con el AMOS (Analysis of MOment Structures; Arbuckle, 1997), que es un programa de estimaci\u00f3n en entorno gr\u00e1fico.<br \/>\n&nbsp;<br \/>\n<img loading=\"lazy\" class=\"imagen wp-image-3809 size-full aligncenter\" src=\"http:\/\/cid.umh.es\/files\/2010\/11\/foto-6.jpg\" alt=\"\" width=\"1132\" height=\"381\" border=\"0\" srcset=\"https:\/\/cid.umh.es\/files\/2010\/11\/foto-6.jpg 1132w, https:\/\/cid.umh.es\/files\/2010\/11\/foto-6-300x101.jpg 300w, https:\/\/cid.umh.es\/files\/2010\/11\/foto-6-1024x345.jpg 1024w\" sizes=\"(max-width: 1132px) 100vw, 1132px\" \/><br \/>\n&nbsp;<br \/>\n6. An\u00e1lisis cualitativos:<br \/>\nLas principales t\u00e9cnicas de recogida de informaci\u00f3n cualitativa que utilizamos son la observaci\u00f3n, la entrevista semiestructurada y los grupos de discusi\u00f3n. La informaci\u00f3n procedente de las observaciones se recopila en diarios de investigaci\u00f3n. La informaci\u00f3n procedente de las entrevistas y grupos de discusi\u00f3n se registra mediante grabadoras digitales. Tras la transcripci\u00f3n de toda esta informaci\u00f3n, los datos se analizan con la ayuda del software NVivo, siguiendo diferentes estrategias de codificaci\u00f3n y categorizaci\u00f3n. Finalmente generamos un sistema de categor\u00edas y subcategor\u00edas que ordena y da sentido a los datos, permitiendo la redacci\u00f3n de resultados y su discusi\u00f3n te\u00f3rica.<br \/>\n&nbsp;<br \/>\n<img loading=\"lazy\" class=\"imagen wp-image-3811 size-full aligncenter\" src=\"http:\/\/cid.umh.es\/files\/2010\/11\/foto-7.jpg\" alt=\"\" width=\"794\" height=\"168\" border=\"0\" srcset=\"https:\/\/cid.umh.es\/files\/2010\/11\/foto-7.jpg 794w, https:\/\/cid.umh.es\/files\/2010\/11\/foto-7-300x63.jpg 300w\" sizes=\"(max-width: 794px) 100vw, 794px\" \/><br \/>\n&nbsp;<br \/>\n7. Recursos bibliogr\u00e1ficos:<br \/>\n\u00c1rea de documentaci\u00f3n bibliogr\u00e1fica, de consulta, dotada de libros y revistas espec\u00edficas de la ense\u00f1anza de la actividad f\u00edsico-deportiva.<br \/>\n&nbsp;<br \/>\n<img loading=\"lazy\" class=\"imagen wp-image-3813 size-full aligncenter\" src=\"http:\/\/cid.umh.es\/files\/2010\/11\/foto-8.jpg\" alt=\"\" width=\"611\" height=\"405\" border=\"0\" srcset=\"https:\/\/cid.umh.es\/files\/2010\/11\/foto-8.jpg 611w, https:\/\/cid.umh.es\/files\/2010\/11\/foto-8-300x199.jpg 300w\" sizes=\"(max-width: 611px) 100vw, 611px\" \/><br \/>\n&nbsp;<br \/>\n8. Recursos de medici\u00f3n:<br \/>\nInstrumentos de medida a trav\u00e9s de cuestionarios que eval\u00faan la aplicaci\u00f3n de modelos te\u00f3ricos del comportamiento en el deporte. Test para el an\u00e1lisis de la conducta de los t\u00e9cnicos en los entrenamientos y en la competici\u00f3n.<br \/>\n&nbsp;<br \/>\n<img loading=\"lazy\" class=\"imagen wp-image-3815 size-full aligncenter\" src=\"http:\/\/cid.umh.es\/files\/2010\/11\/foto-9.jpg\" alt=\"\" width=\"850\" height=\"197\" border=\"0\" srcset=\"https:\/\/cid.umh.es\/files\/2010\/11\/foto-9.jpg 850w, https:\/\/cid.umh.es\/files\/2010\/11\/foto-9-300x70.jpg 300w\" sizes=\"(max-width: 850px) 100vw, 850px\" \/><br \/>\n[\/et_pb_text][\/et_pb_column][\/et_pb_row][\/et_pb_section]<\/p>\n","protected":false},"excerpt":{"rendered":"<p>Laboratorio de An\u00e1lisis del Comportamiento en el Deporte T\u00e9cnicas y equipos utilizados en el Laboratorio de An\u00e1lisis del Comportamiento en el Deporte 1. \u00c1rea audiovisual dotada de 6 puestos: Cada uno de \u00e9stos cuenta con televisiones de pantalla plana de 32\u201d conectadas a un PC, m\u00e1s un PC central con sistema de sonido est\u00e9reo y [&hellip;]<\/p>\n","protected":false},"author":2590,"featured_media":0,"parent":5853,"menu_order":5,"comment_status":"closed","ping_status":"closed","template":"","meta":{"_et_pb_use_builder":"on","_et_pb_old_content":"<h3>T\u00e9cnicas y equipos utilizados en el Laboratorio de An\u00e1lisis del Comportamiento en el Deporte<\/h3>\n1. \u00c1rea audiovisual dotada de 6 puestos:\nCada uno de \u00e9stos cuenta con televisiones de pantalla plana de 32\u201d conectadas a un PC Intel \u00ae\u00a0Core TM2 con un sistema operativo de 32 btis, Windows 7, m\u00e1s un PC central con sistema de sonido est\u00e9reo y proyector. Todos los ordenadores est\u00e1n conectados a internet por red WIFI. Adem\u00e1s, posee un instrumental tecnol\u00f3gico formado por ordenadores port\u00e1tiles, reproductor DVD, sistema de sonido port\u00e1til, micr\u00f3fonos, c\u00e1mara fotogr\u00e1fica de precisi\u00f3n, c\u00e1mara acu\u00e1tica y sistemas de comunicaci\u00f3n a distancia.\n<img class=\"imagen size-full wp-image-3797 aligncenter\" src=\"https:\/\/www.cid-umh.es\/wp-content\/uploads\/2010\/11\/foto-1.jpg\" width=\"484\" height=\"118\" border=\"0\" \/>\n2. Sistemas de mandos de respuesta:\nPermiten realizar preguntas colectivas a una audiencia y recoger las respuestas individuales emitidas mediante mandos electr\u00f3nicos. Compuesto por una base y 30 mandos de radio frecuencia.\n<img class=\"imagen size-full wp-image-3799 aligncenter\" src=\"https:\/\/www.cid-umh.es\/wp-content\/uploads\/2010\/11\/foto-2.jpg\" width=\"483\" height=\"119\" border=\"0\" \/>\n<p class=\"MsoNormal\" style=\"line-height: normal; margin: 0cm 0cm 0pt;\">3. An\u00e1lisis del rendimiento t\u00e1ctico en los deportes de equipo:<\/p>\n<p class=\"MsoNormal\" style=\"line-height: normal; margin: 0cm 0cm 0pt;\">El software SORTABALv2.0. es una herramienta para el an\u00e1lisis t\u00e1ctico en los deportes de equipo, que permite combinar el tratamiento estad\u00edstico de datos partiendo de las variables elegidas, con el modelado de im\u00e1genes correspondientes a las acciones seleccionadas, permitiendo al entrenador obtener informaci\u00f3n cuantitativa y cualitativa del rendimiento t\u00e1ctico del equipo analizado.<\/p>\n<p class=\"MsoNormal\" style=\"line-height: normal; margin: 0cm 0cm 0pt;\"><img class=\"imagen size-full wp-image-3801 aligncenter\" src=\"https:\/\/www.cid-umh.es\/wp-content\/uploads\/2010\/11\/foto-3.jpg\" width=\"481\" height=\"125\" border=\"0\" \/><\/p>\n<p style=\"line-height: normal; margin: 0cm 0cm 0pt;\">4. C\u00e1mara PTZ 10X Zoom \u00f3ptico, WiFi, Stream dual, Visualizaci\u00f3n en 3G:<\/p>\n<p style=\"text-align: justify; line-height: normal; margin: 0cm 0cm 0pt; background: white;\">Las C\u00e1maras IP de VIVOTEK PZ7122 se caracterizan por un zoom \u00f3ptico 10x y la funci\u00f3n de movimiento horizontal\/vertical. El m\u00f3dulo integrado de zoom \u00f3ptico 10x motorizado proporciona gran alcance y muy buena profundidad de campo, pudiendo por tanto, visualizar im\u00e1genes n\u00edtidas de objetos tanto cercanos como lejanos.\nCon 300 grados de movimiento horizontal y 135 de movimiento vertical, la PZ7121 ofrece doble codec (MPEG-4 y MJPEG), doble streams de video y audio bidireccional mediante protocolo SIP. Mediante el doble streams, es posible transmitir dos streams de video simult\u00e1neamente con resoluciones, velocidades y calidad de imagen diferentes, a diferentes plataformas como navegadores web o m\u00f3viles 3G. Adem\u00e1s, PZ7122 integra\u00a0WLAN 802.11 b\/g.<\/p>\n<p style=\"text-align: justify; line-height: normal; margin: 0cm 0cm 0pt; background: white;\"><img class=\"imagen size-full wp-image-3803 aligncenter\" src=\"https:\/\/www.cid-umh.es\/wp-content\/uploads\/2010\/11\/foto-4.jpg\" width=\"481\" height=\"131\" border=\"0\" \/><\/p>\n<p style=\"line-height: normal; margin: 0cm 0cm 0pt;\">5. Software NVR (IP+):<\/p>\n<p class=\"MsoNormal\" style=\"text-align: justify; line-height: normal; margin: 0cm 0cm 0pt;\">En NVR de NUUO trae una gran cantidad de funciones \u00fanicas, que incluyen soluciones de video inteligente (IVS), detecci\u00f3n de situaciones deportivas y b\u00fasqueda de grabaciones inteligentes. Otras herramientas pr\u00e1cticas incluyen una programaci\u00f3n de grabaciones con interfaz gr\u00e1fica, E-map, herramientas de mejoramiento de videos, y soporte para m\u00f3viles 3G. El sistema de respaldo de NUUO puede tomar im\u00e1genes instant\u00e1neas de las grabaciones y almacenar \u00e9stas en diferentes ubicaciones. Integraci\u00f3n con POS y I\/O est\u00e1n incluidos tambi\u00e9n.<\/p>\n<p class=\"MsoNormal\" style=\"text-align: justify; line-height: normal; margin: 0cm 0cm 0pt;\"><img class=\"imagen size-full wp-image-3805 aligncenter\" src=\"https:\/\/www.cid-umh.es\/wp-content\/uploads\/2010\/11\/foto-5.jpg\" width=\"481\" height=\"336\" border=\"0\" \/><\/p>\n<p class=\"MsoNormal\" style=\"line-height: normal; margin: 0cm 0cm 0pt; mso-layout-grid-align: none;\">6. Aceler\u00f3metros GT3X Actigraph:<\/p>\n<p class=\"MsoNormal\" style=\"line-height: normal; margin: 0cm 0cm 0pt; mso-layout-grid-align: none;\">Dispositivo electr\u00f3nico que permite cuantificar de forma objetiva la actividad f\u00edsica realizada por la persona que lo porta durante largos per\u00edodos de tiempo, habitualmente una semana. No s\u00f3lo nos aporta informaci\u00f3n de la cantidad de actividad f\u00edsica realizada, sino tambi\u00e9n la intensidad a la que se ha desarrollado. Es una herramienta validada y ampliamente empleada en investigaci\u00f3n para analizar la actividad f\u00edsica en diferentes colectivos, como ni\u00f1os, adultos, ancianos, personas con discapacidad, etc. En el Centro de Investigaci\u00f3n del Deporte contamos con 63 unidades de este dispositivo, que nos permiten abordar grandes muestras en un corto periodo de tiempo.<\/p>\n<p class=\"MsoNormal\" style=\"line-height: normal; margin: 0cm 0cm 0pt; mso-layout-grid-align: none;\"><img class=\"imagen size-full wp-image-3807 aligncenter\" src=\"https:\/\/www.cid-umh.es\/wp-content\/uploads\/2010\/11\/acelerometros.jpg\" width=\"479\" height=\"346\" border=\"0\" \/><\/p>\n<p class=\"MsoNormal\" style=\"line-height: normal; margin: 0cm 0cm 0pt; mso-layout-grid-align: none;\">7. Modelos de Ecuaciones Estructurales:<\/p>\n<p class=\"MsoNormal\" style=\"text-align: justify; line-height: normal; margin: 0cm 0cm 0pt;\">Los modelos de ecuaciones estructurales son una familia de modelos estad\u00edsticos que permiten estimar el efecto y las relaciones entre m\u00faltiples variables. La gran ventaja de este tipo de modelos, frente a los modelos de regresi\u00f3n, es que diferentes variables pueden ser al mismo tiempo dependientes e independientes. De esta manera podemos conocer el efecto que unas variables causan sobre otras que, a su vez, pueden trasladar estos efectos a otras variables diferentes, creando concatenaciones de variables. Este tipo de modelos permite proponer el tipo y direcci\u00f3n de las relaciones que se espera encontrar entre las diversas variables. Se denominan tambi\u00e9n modelos confirmatorios, ya que el inter\u00e9s fundamental es confirmar mediante el an\u00e1lisis de la muestra las relaciones propuestas a partir de la teor\u00eda explicativa que se haya decidido utilizar como referencia. Aunque existen diferentes programas estad\u00edsticos para el an\u00e1lisis de modelos de ecuaciones estructurales, en nuestro laboratorio trabajamos fundamentalmente con el AMOS (Analysis of MOment Structures; Arbuckle, 1997), que es un programa de estimaci\u00f3n en entorno gr\u00e1fico.<\/p>\n<p class=\"MsoNormal\" style=\"text-align: justify; line-height: normal; margin: 0cm 0cm 0pt;\"><img class=\"imagen size-full wp-image-3809 aligncenter\" src=\"https:\/\/www.cid-umh.es\/wp-content\/uploads\/2010\/11\/foto-6.jpg\" width=\"479\" height=\"143\" border=\"0\" \/><\/p>\n<p class=\"MsoNormal\" style=\"text-align: justify; line-height: normal; margin: 0cm 0cm 0pt;\">8. An\u00e1lisis cualitativos:<\/p>\n<p class=\"MsoNormal\" style=\"text-align: justify; line-height: normal; margin: 0cm 0cm 0pt;\">Las principales t\u00e9cnicas de recogida de informaci\u00f3n cualitativa que utilizamos son la observaci\u00f3n, la entrevista semiestructurada y los grupos de discusi\u00f3n. La informaci\u00f3n procedente de las observaciones se recopila en diarios de investigaci\u00f3n. La informaci\u00f3n procedente de las entrevistas y grupos de discusi\u00f3n se registra mediante grabadoras digitales. Tras la transcripci\u00f3n de toda esta informaci\u00f3n, los datos se analizan con la ayuda del software Nudist Vivo, siguiendo diferentes estrategias de codificaci\u00f3n y categorizaci\u00f3n. Finalmente generamos un sistema de categor\u00edas y subcategor\u00edas que ordena y da sentido a los datos, permitiendo la redacci\u00f3n de resultados y su discusi\u00f3n te\u00f3rica.<\/p>\n<p class=\"MsoNormal\" style=\"text-align: justify; line-height: normal; margin: 0cm 0cm 0pt;\"><img class=\"imagen size-full wp-image-3811 aligncenter\" src=\"https:\/\/www.cid-umh.es\/wp-content\/uploads\/2010\/11\/foto-7.jpg\" width=\"478\" height=\"139\" border=\"0\" \/><\/p>\n<p class=\"MsoNormal\" style=\"text-align: justify; line-height: normal; margin: 0cm 0cm 0pt;\">9. Recursos bibliogr\u00e1ficos:<\/p>\n<p class=\"MsoNormal\" style=\"text-align: justify; line-height: normal; margin: 0cm 0cm 0pt;\">\u00c1rea de documentaci\u00f3n bibliogr\u00e1fica, de consulta,\u00a0 dotada de libros y revistas espec\u00edficas de la ense\u00f1anza de la actividad f\u00edsico-deportiva.<\/p>\n<p class=\"MsoNormal\" style=\"text-align: justify; line-height: normal; margin: 0cm 0cm 0pt;\"><img class=\"imagen size-full wp-image-3813 aligncenter\" src=\"https:\/\/www.cid-umh.es\/wp-content\/uploads\/2010\/11\/foto-8.jpg\" width=\"478\" height=\"267\" border=\"0\" \/><\/p>\n<p style=\"text-align: justify; line-height: normal; margin: 0cm 0cm 0pt;\">10. Recursos de medici\u00f3n:<\/p>\n<p style=\"text-align: justify; line-height: normal; margin: 0cm 0cm 0pt;\">Instrumentos de medida a trav\u00e9s de cuestionarios que eval\u00faan la aplicaci\u00f3n de modelos te\u00f3ricos del comportamiento en el deporte. Test para el an\u00e1lisis de la conducta de los t\u00e9cnicos en los entrenamientos y en la competici\u00f3n: GPAI, CBAS, etc.<\/p>\n<p style=\"text-align: justify; line-height: normal; margin: 0cm 0cm 0pt;\"><img class=\"imagen size-full wp-image-3815 aligncenter\" src=\"https:\/\/www.cid-umh.es\/wp-content\/uploads\/2010\/11\/foto-9.jpg\" width=\"478\" height=\"125\" border=\"0\" \/><\/p>","_et_gb_content_width":"","_links_to":"","_links_to_target":""},"_links":{"self":[{"href":"https:\/\/cid.umh.es\/en\/wp-json\/wp\/v2\/pages\/3817"}],"collection":[{"href":"https:\/\/cid.umh.es\/en\/wp-json\/wp\/v2\/pages"}],"about":[{"href":"https:\/\/cid.umh.es\/en\/wp-json\/wp\/v2\/types\/page"}],"author":[{"embeddable":true,"href":"https:\/\/cid.umh.es\/en\/wp-json\/wp\/v2\/users\/2590"}],"replies":[{"embeddable":true,"href":"https:\/\/cid.umh.es\/en\/wp-json\/wp\/v2\/comments?post=3817"}],"version-history":[{"count":0,"href":"https:\/\/cid.umh.es\/en\/wp-json\/wp\/v2\/pages\/3817\/revisions"}],"up":[{"embeddable":true,"href":"https:\/\/cid.umh.es\/en\/wp-json\/wp\/v2\/pages\/5853"}],"wp:attachment":[{"href":"https:\/\/cid.umh.es\/en\/wp-json\/wp\/v2\/media?parent=3817"}],"curies":[{"name":"wp","href":"https:\/\/api.w.org\/{rel}","templated":true}]}}