{"id":3893,"date":"2010-11-14T18:29:29","date_gmt":"2010-11-14T17:29:29","guid":{"rendered":"https:\/\/www.cid-umh.es\/2010\/11\/14\/sala-de-registro-de-datos\/"},"modified":"2010-11-14T18:29:29","modified_gmt":"2010-11-14T17:29:29","slug":"sala-de-registro-de-datos","status":"publish","type":"page","link":"https:\/\/cid.umh.es\/en\/sala-de-registro-de-datos\/","title":{"rendered":"Sala de Registro de Datos"},"content":{"rendered":"<p>[et_pb_section admin_label=&#8221;banner&#8221; bb_built=&#8221;1&#8243; _builder_version=&#8221;3.10.1&#8243; use_background_color_gradient=&#8221;on&#8221; background_image=&#8221;http:\/\/cid.umh.es\/files\/2019\/04\/banner-seccion-sala.jpg&#8221; next_background_color=&#8221;#ffffff&#8221; transparent_background=&#8221;off&#8221; allow_player_pause=&#8221;off&#8221; inner_shadow=&#8221;off&#8221; parallax=&#8221;off&#8221; parallax_method=&#8221;off&#8221; padding_mobile=&#8221;off&#8221; make_fullwidth=&#8221;off&#8221; use_custom_width=&#8221;off&#8221; width_unit=&#8221;on&#8221; make_equal=&#8221;off&#8221; use_custom_gutter=&#8221;off&#8221; custom_css_before=&#8221;content: %22%22;||position: absolute;||display: block;||top: 0;||left: 0;||width: 100%;||height: 100%;||background:#51316270;&#8221;][et_pb_row admin_label=&#8221;row&#8221; _builder_version=&#8221;3.10.1&#8243; custom_margin=&#8221;0px||0px|&#8221; make_fullwidth=&#8221;off&#8221; use_custom_width=&#8221;off&#8221; width_unit=&#8221;on&#8221; use_custom_gutter=&#8221;off&#8221; padding_mobile=&#8221;off&#8221; allow_player_pause=&#8221;off&#8221; parallax=&#8221;off&#8221; parallax_method=&#8221;off&#8221; make_equal=&#8221;on&#8221; parallax_1=&#8221;off&#8221; parallax_method_1=&#8221;off&#8221; column_padding_mobile=&#8221;on&#8221; custom_padding=&#8221;165px||165px|&#8221;][et_pb_column type=&#8221;4_4&#8243;][et_pb_text admin_label=&#8221;Texto&#8221; background_layout=&#8221;dark&#8221; text_orientation=&#8221;center&#8221; use_border_color=&#8221;off&#8221; border_color=&#8221;#ffffff&#8221; border_style=&#8221;solid&#8221; text_font_size=&#8221;43&#8243; text_font_size_last_edited=&#8221;on|tablet&#8221; text_font_size_tablet=&#8221;28&#8243; text_font_size_phone=&#8221;24&#8243;]<\/p>\n<h1>Sala de Registro de Datos<\/h1>\n<p>[\/et_pb_text][\/et_pb_column][\/et_pb_row][\/et_pb_section][et_pb_section admin_label=&#8221;section&#8221;][et_pb_row admin_label=&#8221;row&#8221;][et_pb_column type=&#8221;4_4&#8243;][et_pb_text admin_label=&#8221;Texto&#8221; background_layout=&#8221;light&#8221; text_orientation=&#8221;left&#8221; use_border_color=&#8221;off&#8221; border_color=&#8221;#ffffff&#8221; border_style=&#8221;solid&#8221;]<br \/>\nLa sala de registro de datos del Centro de Investigaci\u00f3n del Deporte se encuentra situada en medio de los cuatro laboratorios y est\u00e1 conectada a trav\u00e9s de dos c\u00e1maras con el Laboratorio de An\u00e1lisis del Comportamiento en el Deporte. Esta sala se utiliza para\u00a0llevar a cabo diferentes dise\u00f1os de\u00a0investigaci\u00f3n experimentales relacionados con el control motor, la biomec\u00e1nica, el entrenamiento y la ense\u00f1anza de la actividad f\u00edsica y del deporte.<br \/>\n[\/et_pb_text][\/et_pb_column][\/et_pb_row][et_pb_row admin_label=&#8221;Fila&#8221; make_fullwidth=&#8221;off&#8221; use_custom_width=&#8221;off&#8221; width_unit=&#8221;on&#8221; use_custom_gutter=&#8221;off&#8221; padding_mobile=&#8221;off&#8221; allow_player_pause=&#8221;off&#8221; parallax=&#8221;off&#8221; parallax_method=&#8221;off&#8221; make_equal=&#8221;on&#8221; parallax_1=&#8221;off&#8221; parallax_method_1=&#8221;off&#8221; parallax_2=&#8221;off&#8221; parallax_method_2=&#8221;off&#8221; parallax_3=&#8221;off&#8221; parallax_method_3=&#8221;off&#8221; column_padding_mobile=&#8221;on&#8221;][et_pb_column type=&#8221;1_3&#8243;][et_pb_image admin_label=&#8221;Imagen&#8221; src=&#8221;http:\/\/cid.umh.es\/files\/2010\/11\/sala2.jpg&#8221; show_in_lightbox=&#8221;off&#8221; url_new_window=&#8221;off&#8221; use_overlay=&#8221;off&#8221; animation=&#8221;off&#8221; sticky=&#8221;off&#8221; align=&#8221;center&#8221; force_fullwidth=&#8221;off&#8221; always_center_on_mobile=&#8221;on&#8221; use_border_color=&#8221;off&#8221; border_color=&#8221;#ffffff&#8221; border_style=&#8221;solid&#8221;]<br \/>\n&nbsp;<br \/>\n[\/et_pb_image][\/et_pb_column][et_pb_column type=&#8221;1_3&#8243;][et_pb_image admin_label=&#8221;Imagen&#8221; src=&#8221;http:\/\/cid.umh.es\/files\/2010\/11\/sala3.jpg&#8221; show_in_lightbox=&#8221;off&#8221; url_new_window=&#8221;off&#8221; use_overlay=&#8221;off&#8221; animation=&#8221;off&#8221; sticky=&#8221;off&#8221; align=&#8221;center&#8221; force_fullwidth=&#8221;off&#8221; always_center_on_mobile=&#8221;on&#8221; use_border_color=&#8221;off&#8221; border_color=&#8221;#ffffff&#8221; border_style=&#8221;solid&#8221;]<br \/>\n&nbsp;<br \/>\n[\/et_pb_image][\/et_pb_column][et_pb_column type=&#8221;1_3&#8243;][et_pb_image admin_label=&#8221;Imagen&#8221; src=&#8221;http:\/\/cid.umh.es\/files\/2010\/11\/sala4.jpg&#8221; show_in_lightbox=&#8221;off&#8221; url_new_window=&#8221;off&#8221; use_overlay=&#8221;off&#8221; animation=&#8221;off&#8221; sticky=&#8221;off&#8221; align=&#8221;center&#8221; force_fullwidth=&#8221;off&#8221; always_center_on_mobile=&#8221;on&#8221; use_border_color=&#8221;off&#8221; border_color=&#8221;#ffffff&#8221; border_style=&#8221;solid&#8221;]<br \/>\n&nbsp;<br \/>\n[\/et_pb_image][\/et_pb_column][\/et_pb_row][\/et_pb_section]<\/p>\n","protected":false},"excerpt":{"rendered":"<p>Sala de Registro de Datos La sala de registro de datos del Centro de Investigaci\u00f3n del Deporte se encuentra situada en medio de los cuatro laboratorios y est\u00e1 conectada a trav\u00e9s de dos c\u00e1maras con el Laboratorio de An\u00e1lisis del Comportamiento en el Deporte. Esta sala se utiliza para\u00a0llevar a cabo diferentes dise\u00f1os de\u00a0investigaci\u00f3n experimentales [&hellip;]<\/p>\n","protected":false},"author":2590,"featured_media":0,"parent":0,"menu_order":1,"comment_status":"closed","ping_status":"closed","template":"","meta":{"_et_pb_use_builder":"on","_et_pb_old_content":"<p>La sala de registro de datos del Centro de Investigaci\u00f3n del Deporte se encuentra situada en medio de los cuatro laboratorios y est\u00e1 conectada a trav\u00e9s de dos c\u00e1maras con el Laboratorio de An\u00e1lisis del Comportamiento en el Deporte. Esta sala se utiliza para\u00a0llevar a cabo diferentes dise\u00f1os de\u00a0investigaci\u00f3n experimentales relacionados con el control motor, la biomec\u00e1nica, el entrenamiento y la ense\u00f1anza de la actividad f\u00edsica y del deporte.<\/p><p class=\"nomargin\" style=\"text-align: center;\"><img class=\"imagen size-full wp-image-3887\" src=\"https:\/\/www.cid-umh.es\/wp-content\/uploads\/2010\/11\/sala2.jpg\" width=\"338\" height=\"175\" border=\"0\" \/><\/p><p class=\"nomargin\" style=\"text-align: center;\"><img class=\"imagen size-full wp-image-3889\" src=\"https:\/\/www.cid-umh.es\/wp-content\/uploads\/2010\/11\/sala3.jpg\" width=\"338\" height=\"184\" border=\"0\" \/><\/p><p class=\"nomargin\" style=\"text-align: center;\"><img class=\"imagen size-full wp-image-3891\" src=\"https:\/\/www.cid-umh.es\/wp-content\/uploads\/2010\/11\/sala4.jpg\" width=\"338\" height=\"188\" border=\"0\" \/><\/p><p class=\"nomargin\">\u00a0<\/p>","_et_gb_content_width":"","_links_to":"","_links_to_target":""},"_links":{"self":[{"href":"https:\/\/cid.umh.es\/en\/wp-json\/wp\/v2\/pages\/3893"}],"collection":[{"href":"https:\/\/cid.umh.es\/en\/wp-json\/wp\/v2\/pages"}],"about":[{"href":"https:\/\/cid.umh.es\/en\/wp-json\/wp\/v2\/types\/page"}],"author":[{"embeddable":true,"href":"https:\/\/cid.umh.es\/en\/wp-json\/wp\/v2\/users\/2590"}],"replies":[{"embeddable":true,"href":"https:\/\/cid.umh.es\/en\/wp-json\/wp\/v2\/comments?post=3893"}],"version-history":[{"count":0,"href":"https:\/\/cid.umh.es\/en\/wp-json\/wp\/v2\/pages\/3893\/revisions"}],"wp:attachment":[{"href":"https:\/\/cid.umh.es\/en\/wp-json\/wp\/v2\/media?parent=3893"}],"curies":[{"name":"wp","href":"https:\/\/api.w.org\/{rel}","templated":true}]}}