{"id":5988,"date":"2019-03-13T21:03:17","date_gmt":"2019-03-13T20:03:17","guid":{"rendered":"https:\/\/www.cid-umh.es\/?page_id=5988"},"modified":"2020-11-18T05:46:06","modified_gmt":"2020-11-18T05:46:06","slug":"fisiologia-y-entrenamiento-deportivo","status":"publish","type":"page","link":"https:\/\/cid.umh.es\/en\/publicaciones\/fisiologia-y-entrenamiento-deportivo\/","title":{"rendered":"Fisiolog\u00eda y entrenamiento deportivo"},"content":{"rendered":"<p>[et_pb_section admin_label=&#8221;banner&#8221; bb_built=&#8221;1&#8243; _builder_version=&#8221;3.10.1&#8243; use_background_color_gradient=&#8221;on&#8221; background_image=&#8221;http:\/\/cid.umh.es\/files\/2019\/04\/banner-seccion-publicaciones.jpg&#8221; next_background_color=&#8221;#ffffff&#8221; transparent_background=&#8221;off&#8221; allow_player_pause=&#8221;off&#8221; inner_shadow=&#8221;off&#8221; parallax=&#8221;off&#8221; parallax_method=&#8221;off&#8221; padding_mobile=&#8221;off&#8221; make_fullwidth=&#8221;off&#8221; use_custom_width=&#8221;off&#8221; width_unit=&#8221;on&#8221; make_equal=&#8221;off&#8221; use_custom_gutter=&#8221;off&#8221; custom_css_before=&#8221;content: %22%22;||position: absolute;||display: block;||top: 0;||left: 0;||width: 100%;||height: 100%;||background:#51316270;&#8221;][et_pb_row admin_label=&#8221;row&#8221; _builder_version=&#8221;3.10.1&#8243; custom_margin=&#8221;0px||0px|&#8221; make_fullwidth=&#8221;off&#8221; use_custom_width=&#8221;off&#8221; width_unit=&#8221;on&#8221; use_custom_gutter=&#8221;off&#8221; padding_mobile=&#8221;off&#8221; allow_player_pause=&#8221;off&#8221; parallax=&#8221;off&#8221; parallax_method=&#8221;off&#8221; make_equal=&#8221;on&#8221; parallax_1=&#8221;off&#8221; parallax_method_1=&#8221;off&#8221; column_padding_mobile=&#8221;on&#8221; custom_padding=&#8221;165px||165px|&#8221;][et_pb_column type=&#8221;4_4&#8243;][et_pb_text admin_label=&#8221;Titulo&#8221; background_layout=&#8221;dark&#8221; text_orientation=&#8221;center&#8221; use_border_color=&#8221;off&#8221; border_color=&#8221;#ffffff&#8221; border_style=&#8221;solid&#8221; text_font_size=&#8221;43&#8243; text_font_size_last_edited=&#8221;on|tablet&#8221; text_font_size_tablet=&#8221;28&#8243; text_font_size_phone=&#8221;24&#8243;]<\/p>\n<h1>Publicaciones<\/h1>\n<h3>Fisiolog\u00eda y entrenamiento deportivo<\/h3>\n<p>[\/et_pb_text][\/et_pb_column][\/et_pb_row][\/et_pb_section][et_pb_section admin_label=&#8221;section&#8221;][et_pb_row admin_label=&#8221;row&#8221; make_fullwidth=&#8221;off&#8221; use_custom_width=&#8221;off&#8221; width_unit=&#8221;on&#8221; use_custom_gutter=&#8221;off&#8221; padding_mobile=&#8221;off&#8221; allow_player_pause=&#8221;off&#8221; parallax=&#8221;off&#8221; parallax_method=&#8221;off&#8221; make_equal=&#8221;off&#8221; parallax_1=&#8221;off&#8221; parallax_method_1=&#8221;off&#8221; parallax_2=&#8221;off&#8221; parallax_method_2=&#8221;off&#8221; column_padding_mobile=&#8221;on&#8221; module_class_1=&#8221;sticky-box&#8221;][et_pb_column type=&#8221;1_3&#8243;][et_pb_code admin_label=&#8221;Enlaces publicaciones&#8221;]<\/p>\n<ul class=\"link-list-category\">\n<li><a class=\"category-link\" href=\"https:\/\/www.cid-umh.es\/publicaciones\/biomecanica-y-salud\/\">Biomec\u00e1nica y salud<\/a><\/li>\n<li><a class=\"category-link\" href=\"https:\/\/www.cid-umh.es\/publicaciones\/motivacion-y-promocion-de-la-actividad-fisica-y-el-deporte\/\">Motivaci\u00f3n y promoci\u00f3n de la actividad f\u00edsica y el deporte<\/a><\/li>\n<li><a class=\"category-link\" href=\"https:\/\/www.cid-umh.es\/publicaciones\/analisis-de-la-ensenanza-de-la-educacion-fisica-y-el-deporte\/\">An\u00e1lisis de la ense\u00f1anza de la educaci\u00f3n f\u00edsica y el deporte<\/a><\/li>\n<li><a class=\"category-link\" href=\"https:\/\/www.cid-umh.es\/publicaciones\/motricidad-acuatica\/\">Motricidad acu\u00e1tica<\/a><\/li>\n<li><a class=\"category-link\" href=\"https:\/\/www.cid-umh.es\/publicaciones\/control-motor\/\">Control motor<\/a><\/li>\n<li><a class=\"category-link\" href=\"https:\/\/www.cid-umh.es\/publicaciones\/deporte-paralimpico-educacion-fisica-inclusiva-y-discapacidad\/\">Deporte paral\u00edmpico, educaci\u00f3n f\u00edsica inclusiva y discapacidad<\/a><\/li>\n<li class=\"current\"><a class=\"category-link\" href=\"https:\/\/www.cid-umh.es\/publicaciones\/fisiologia-y-entrenamiento-deportivo\/\">Fisiolog\u00eda y entrenamiento deportivo<\/a><\/li>\n<\/ul>\n<p>[\/et_pb_code][\/et_pb_column][et_pb_column type=&#8221;2_3&#8243;][et_pb_blog admin_label=&#8221;Fisiolog\u00eda y entrenamiento deportivo&#8221; fullwidth=&#8221;on&#8221; posts_number=&#8221;20&#8243; include_categories=&#8221;99&#8243; show_thumbnail=&#8221;off&#8221; show_content=&#8221;on&#8221; show_more=&#8221;off&#8221; show_author=&#8221;off&#8221; show_date=&#8221;off&#8221; show_categories=&#8221;off&#8221; show_comments=&#8221;off&#8221; show_pagination=&#8221;on&#8221; offset_number=&#8221;0&#8243; use_overlay=&#8221;off&#8221; background_layout=&#8221;light&#8221; use_dropshadow=&#8221;off&#8221; use_border_color=&#8221;off&#8221; border_color=&#8221;#ffffff&#8221; border_style=&#8221;solid&#8221; meta_date=&#8221;l, j F Y&#8221;]<br \/>\n[\/et_pb_blog][\/et_pb_column][\/et_pb_row][\/et_pb_section]<\/p>","protected":false},"excerpt":{"rendered":"<p>Publicaciones Fisiolog\u00eda y entrenamiento deportivo<\/p>\n","protected":false},"author":2590,"featured_media":0,"parent":5963,"menu_order":0,"comment_status":"closed","ping_status":"closed","template":"","meta":{"_et_pb_use_builder":"on","_et_pb_old_content":"","_et_gb_content_width":"","_links_to":"","_links_to_target":""},"_links":{"self":[{"href":"https:\/\/cid.umh.es\/en\/wp-json\/wp\/v2\/pages\/5988"}],"collection":[{"href":"https:\/\/cid.umh.es\/en\/wp-json\/wp\/v2\/pages"}],"about":[{"href":"https:\/\/cid.umh.es\/en\/wp-json\/wp\/v2\/types\/page"}],"author":[{"embeddable":true,"href":"https:\/\/cid.umh.es\/en\/wp-json\/wp\/v2\/users\/2590"}],"replies":[{"embeddable":true,"href":"https:\/\/cid.umh.es\/en\/wp-json\/wp\/v2\/comments?post=5988"}],"version-history":[{"count":0,"href":"https:\/\/cid.umh.es\/en\/wp-json\/wp\/v2\/pages\/5988\/revisions"}],"up":[{"embeddable":true,"href":"https:\/\/cid.umh.es\/en\/wp-json\/wp\/v2\/pages\/5963"}],"wp:attachment":[{"href":"https:\/\/cid.umh.es\/en\/wp-json\/wp\/v2\/media?parent=5988"}],"curies":[{"name":"wp","href":"https:\/\/api.w.org\/{rel}","templated":true}]}}